{"id":8995,"date":"2022-06-04T20:48:21","date_gmt":"2022-06-04T18:48:21","guid":{"rendered":"https:\/\/consensus-solutions.org\/contact-us\/"},"modified":"2025-01-18T18:09:23","modified_gmt":"2025-01-18T17:09:23","slug":"contact-us","status":"publish","type":"page","link":"https:\/\/consensus-solutions.org\/en\/contact-us\/","title":{"rendered":"Contact us"},"content":{"rendered":"<p>[et_pb_section fb_built=&#8221;1&#8243; _builder_version=&#8221;4.26.1&#8243; _module_preset=&#8221;25707b4f-b39a-4d3e-bb82-64eec0275b82&#8243; background_video_mp4_tablet=&#8221;https:\/\/consensus-solutions.org\/wp-content\/uploads\/2024\/05\/CONSENSUS-Solutions-Services-Education-Leadership-Mobile.mp4&#8243; background_enable_video_mp4_tablet=&#8221;on&#8221; custom_css_before=&#8221;    content:%22%22;||    display: block;||    position: absolute;||    top: 0;||    left: 0;||    width: 100%;||    height: 100%;||background-color: rgba(28, 70, 159, 0.3);||    z-index: 9;&#8221; locked=&#8221;off&#8221; global_colors_info=&#8221;{}&#8221;][et_pb_row _builder_version=&#8221;4.25.1&#8243; _module_preset=&#8221;103cbc17-454e-4441-95e4-23fa54413f5a&#8221; positioning=&#8221;absolute&#8221; position_origin_a=&#8221;bottom_center&#8221; vertical_offset=&#8221;8%&#8221; horizontal_offset=&#8221;10%&#8221; vertical_offset_tablet=&#8221;8%&#8221; vertical_offset_phone=&#8221;8%&#8221; vertical_offset_last_edited=&#8221;off|desktop&#8221; horizontal_offset_tablet=&#8221;5%&#8221; horizontal_offset_phone=&#8221;5%&#8221; horizontal_offset_last_edited=&#8221;on|tablet&#8221; position_origin_a_tablet=&#8221;bottom_center&#8221; position_origin_a_phone=&#8221;bottom_center&#8221; position_origin_a_last_edited=&#8221;on|phone&#8221; position_origin_f_tablet=&#8221;&#8221; position_origin_f_phone=&#8221;&#8221; position_origin_f_last_edited=&#8221;on|desktop&#8221; position_origin_r_tablet=&#8221;&#8221; position_origin_r_phone=&#8221;&#8221; position_origin_r_last_edited=&#8221;on|desktop&#8221; positioning_tablet=&#8221;absolute&#8221; positioning_phone=&#8221;absolute&#8221; positioning_last_edited=&#8221;on|desktop&#8221; global_colors_info=&#8221;{}&#8221;][et_pb_column type=&#8221;4_4&#8243; _builder_version=&#8221;4.19.4&#8243; _module_preset=&#8221;default&#8221; global_colors_info=&#8221;{}&#8221;][et_pb_text _builder_version=&#8221;4.26.1&#8243; _module_preset=&#8221;80a29b40-b8bf-49ad-abed-45fb85884465&#8243; background_layout=&#8221;dark&#8221; global_colors_info=&#8221;{}&#8221;]<\/p>\n<h1>Contact us<\/h1>\n<p>[\/et_pb_text][\/et_pb_column][\/et_pb_row][et_pb_row _builder_version=&#8221;4.25.2&#8243; _module_preset=&#8221;default&#8221; positioning=&#8221;absolute&#8221; position_origin_a=&#8221;center_center&#8221; z_index=&#8221;0&#8243; width=&#8221;100%&#8221; max_width=&#8221;100%&#8221; custom_padding=&#8221;0px||0px||false|false&#8221; locked=&#8221;off&#8221; global_colors_info=&#8221;{}&#8221;][et_pb_column type=&#8221;4_4&#8243; _builder_version=&#8221;4.25.2&#8243; _module_preset=&#8221;default&#8221; global_colors_info=&#8221;{}&#8221;][et_pb_code raw_content_last_edited=&#8221;off|desktop&#8221; disabled_on=&#8221;on|off|off&#8221; admin_label=&#8221;Video desktop&#8221; _builder_version=&#8221;4.26.1&#8243; _module_preset=&#8221;08177f98-eef0-4ff0-a15b-2a83e83472d1&#8243; global_colors_info=&#8221;{}&#8221;]<iframe loading=\"lazy\" src=\"https:\/\/player.vimeo.com\/video\/985638457?background=1\" width=\"100vw\" height=\"100vh\" frameborder=\"0\" allow=\"autoplay; picture-in-picture; clipboard-write\" title=\"CONSENSUS Solutions - Contact\"><\/iframe>[\/et_pb_code][et_pb_code raw_content_last_edited=&#8221;off|desktop&#8221; disabled_on=&#8221;off|on|on&#8221; admin_label=&#8221;Video Mobile&#8221; _builder_version=&#8221;4.26.1&#8243; _module_preset=&#8221;1f6c3805-4d9f-4d40-8236-dab44d937f87&#8243; global_colors_info=&#8221;{}&#8221;]<iframe loading=\"lazy\" src=\"https:\/\/player.vimeo.com\/video\/986396475?background=1\" width=\"100vw\" height=\"100vh\" frameborder=\"0\" allow=\"autoplay; picture-in-picture; clipboard-write\" title=\"CONSENSUS Solutions - Contact Mobile\"><\/iframe>[\/et_pb_code][\/et_pb_column][\/et_pb_row][\/et_pb_section][et_pb_section fb_built=&#8221;1&#8243; module_id=&#8221;contact&#8221; _builder_version=&#8221;4.25.2&#8243; _module_preset=&#8221;0e36318a-ccfe-43e5-88cb-2a75eb416226&#8243; background_color=&#8221;gcid-563b020b-1f20-4b95-aa66-55d6885ae09b&#8221; background_image=&#8221;https:\/\/consensus-solutions.org\/wp-content\/uploads\/2024\/03\/consensus_signet.svg&#8221; background_enable_image=&#8221;off&#8221; background_size=&#8221;contain&#8221; background_position=&#8221;center_right&#8221; custom_padding=&#8221;60px||0px||false|false&#8221; global_module=&#8221;328&#8243; saved_tabs=&#8221;all&#8221; locked=&#8221;off&#8221; global_colors_info=&#8221;{%22gcid-563b020b-1f20-4b95-aa66-55d6885ae09b%22:%91%22background_color%22%93}&#8221;][et_pb_row column_structure=&#8221;1_2,1_2&#8243; _builder_version=&#8221;4.25.2&#8243; _module_preset=&#8221;default&#8221; z_index=&#8221;500&#8243; custom_padding=&#8221;||0px||false|false&#8221; global_colors_info=&#8221;{}&#8221;][et_pb_column type=&#8221;1_2&#8243; _builder_version=&#8221;4.19.4&#8243; _module_preset=&#8221;default&#8221; global_colors_info=&#8221;{}&#8221;][et_pb_text _builder_version=&#8221;4.27.0&#8243; _module_preset=&#8221;80a29b40-b8bf-49ad-abed-45fb85884465&#8243; background_layout=&#8221;dark&#8221; global_module=&#8221;3297&#8243; saved_tabs=&#8221;all&#8221; locked=&#8221;off&#8221; global_colors_info=&#8221;{}&#8221;]<\/p>\n<h2>Wie k\u00f6nnen wir Sie unterst\u00fctzen?<\/h2>\n<p>[\/et_pb_text][et_pb_text _builder_version=&#8221;4.25.1&#8243; _module_preset=&#8221;1a12a47d-c07a-4f28-a800-ed83987d6e47&#8243; background_layout=&#8221;dark&#8221; max_width=&#8221;540px&#8221; custom_margin=&#8221;||50px||false|false&#8221; custom_padding=&#8221;1px|||||&#8221; global_module=&#8221;3289&#8243; saved_tabs=&#8221;all&#8221; locked=&#8221;off&#8221; global_colors_info=&#8221;{}&#8221;]<\/p>\n<p>Wir freuen uns, mit Ihnen ein unverbindliches Erstgespr\u00e4ch zu vereinbaren. Schreiben Sie uns einfach \u00fcber das Kontaktformular und finden Sie heraus, wie wir Ihre Organisation voranbringen k\u00f6nnen.<\/p>\n<p>Sie erreichen uns auch telefonisch w\u00e4hrend unserer Gesch\u00e4ftszeiten.<\/p>\n<p>[\/et_pb_text][et_pb_blurb image=&#8221;https:\/\/consensus-solutions.org\/wp-content\/uploads\/2024\/05\/Consensus-Solutions-Icon-send.svg&#8221; image_icon_width=&#8221;32px&#8221; _builder_version=&#8221;4.27.0&#8243; _module_preset=&#8221;f4e349ae-4114-44ff-bd74-bd73fb1503bf&#8221; body_font=&#8221;||||||||&#8221; body_font_size=&#8221;1.3em&#8221; body_line_height=&#8221;1.4em&#8221; body_link_font=&#8221;||||||||&#8221; body_link_text_color=&#8221;gcid-319b37c7-3c4f-434a-a774-910bf3ec0b77&#8243; custom_margin=&#8221;||30px|-3px|false|false&#8221; title_text=&#8221;Consensus Solutions Icon &#8211; send&#8221; global_module=&#8221;3401&#8243; saved_tabs=&#8221;all&#8221; locked=&#8221;off&#8221; global_colors_info=&#8221;{%22gcid-319b37c7-3c4f-434a-a774-910bf3ec0b77%22:%91%22body_link_text_color%22,%22body_link_text_color%22%93}&#8221;]<\/p>\n<p><a href=\"mailto:solutions@consensus-group.com\">solutions@consensus-group.com<\/a><\/p>\n<p>[\/et_pb_blurb][et_pb_blurb image=&#8221;https:\/\/consensus-solutions.org\/wp-content\/uploads\/2024\/05\/Consensus-Solutions-Icon-phone-call.svg&#8221; image_icon_width=&#8221;32px&#8221; _builder_version=&#8221;4.27.0&#8243; _module_preset=&#8221;f4e349ae-4114-44ff-bd74-bd73fb1503bf&#8221; body_font=&#8221;||||||||&#8221; body_font_size=&#8221;1.3em&#8221; body_line_height=&#8221;1.4em&#8221; body_link_text_color=&#8221;#ffffff&#8221; custom_margin=&#8221;||30px|-3px|false|false&#8221; title_text=&#8221;Consensus Solutions Icon &#8211; phone-call&#8221; global_module=&#8221;3287&#8243; saved_tabs=&#8221;all&#8221; locked=&#8221;off&#8221; global_colors_info=&#8221;{%22gcid-319b37c7-3c4f-434a-a774-910bf3ec0b77%22:%91%22body_link_text_color%22,%22body_link_text_color%22,%22body_link_text_color%22,%22body_link_text_color%22%93}&#8221;]<\/p>\n<p><a href=\"tel:+49711645619433\">+49 (0) 711 &#8211; 645 619 433<\/a><\/p>\n<p>[\/et_pb_blurb][et_pb_button button_url=&#8221;https:\/\/consensus-solutions.org\/en\/book-a-consultation\/&#8221; url_new_window=&#8221;on&#8221; button_text=&#8221;Book a consultation&#8221; _builder_version=&#8221;4.27.0&#8243; _module_preset=&#8221;0c555896-726d-4eed-b556-f8ae16a113c2&#8243; button_text_color=&#8221;gcid-319b37c7-3c4f-434a-a774-910bf3ec0b77&#8243; background_layout=&#8221;dark&#8221; custom_margin=&#8221;50px||||false|false&#8221; global_colors_info=&#8221;{%22gcid-bab24b5b-039b-4a1f-8fe9-5ab3dac980cd%22:%91%22button_bg_color%22,%22button_bg_color%22%93,%22gcid-319b37c7-3c4f-434a-a774-910bf3ec0b77%22:%91%22button_text_color%22%93}&#8221;][\/et_pb_button][\/et_pb_column][et_pb_column type=&#8221;1_2&#8243; _builder_version=&#8221;4.24.2&#8243; _module_preset=&#8221;default&#8221; background_enable_color=&#8221;off&#8221; global_colors_info=&#8221;{%22gcid-bab24b5b-039b-4a1f-8fe9-5ab3dac980cd%22:%91%22background_color%22%93}&#8221;][et_pb_code _builder_version=&#8221;4.25.0&#8243; _module_preset=&#8221;7970c356-816d-480e-b855-013783c1055d&#8221; background_color=&#8221;gcid-319b37c7-3c4f-434a-a774-910bf3ec0b77&#8243; min_height=&#8221;650px&#8221; custom_padding=&#8221;30px|30px|30px|30px|true|true&#8221; global_colors_info=&#8221;{%22gcid-319b37c7-3c4f-434a-a774-910bf3ec0b77%22:%91%22background_color%22%93}&#8221;]<script charset=\"utf-8\" type=\"text\/javascript\" src=\"\/\/js-eu1.hsforms.net\/forms\/embed\/v2.js\"><\/script><!-- [et_pb_line_break_holder] --><script><!-- [et_pb_line_break_holder] -->  hbspt.forms.create({<!-- [et_pb_line_break_holder] -->    region: \"eu1\",<!-- [et_pb_line_break_holder] -->    portalId: \"139525743\",<!-- [et_pb_line_break_holder] -->    formId: \"82ad494a-0e7a-4959-ba70-88e74900d38f\"<!-- [et_pb_line_break_holder] -->  });<!-- [et_pb_line_break_holder] --><\/script>[\/et_pb_code][\/et_pb_column][\/et_pb_row][et_pb_row _builder_version=&#8221;4.24.3&#8243; _module_preset=&#8221;default&#8221; positioning=&#8221;absolute&#8221; position_origin_a=&#8221;center_right&#8221; horizontal_offset=&#8221;-15%&#8221; global_colors_info=&#8221;{}&#8221;][et_pb_column type=&#8221;4_4&#8243; _builder_version=&#8221;4.24.3&#8243; _module_preset=&#8221;default&#8221; global_colors_info=&#8221;{}&#8221;][et_pb_image src=&#8221;https:\/\/consensus-solutions.org\/wp-content\/uploads\/2024\/05\/CONSENSUS-Solutions-CONSENSUS-Blau-Signet-Final.svg&#8221; title_text=&#8221;CONSENSUS Solutions &#8211; CONSENSUS Blue Signet Final&#8221; _builder_version=&#8221;4.27.0&#8243; _module_preset=&#8221;default&#8221; custom_margin=&#8221;|-44%|||false|false&#8221; global_module=&#8221;3552&#8243; saved_tabs=&#8221;all&#8221; locked=&#8221;off&#8221; global_colors_info=&#8221;{}&#8221;][\/et_pb_image][\/et_pb_column][\/et_pb_row][\/et_pb_section][et_pb_section fb_built=&#8221;1&#8243; module_id=&#8221;contact&#8221; _builder_version=&#8221;4.25.0&#8243; _module_preset=&#8221;0e36318a-ccfe-43e5-88cb-2a75eb416226&#8243; custom_padding=&#8221;0px||0px||false|false&#8221; saved_tabs=&#8221;all&#8221; locked=&#8221;off&#8221; global_colors_info=&#8221;{}&#8221;][et_pb_row _builder_version=&#8221;4.25.0&#8243; _module_preset=&#8221;default&#8221; width=&#8221;100%&#8221; max_width=&#8221;100%&#8221; custom_padding=&#8221;0px||0px||false|false&#8221; global_colors_info=&#8221;{}&#8221;][et_pb_column type=&#8221;4_4&#8243; _builder_version=&#8221;4.24.0&#8243; _module_preset=&#8221;default&#8221; global_colors_info=&#8221;{}&#8221;][et_pb_map address=&#8221;K\u00f6nigstra\u00dfe 40, 70173 Stuttgart, Deutschland&#8221; zoom_level=&#8221;12&#8243; address_lat=&#8221;48.7772225&#8243; address_lng=&#8221;9.1768258&#8243; mouse_wheel=&#8221;off&#8221; _builder_version=&#8221;4.25.1&#8243; _module_preset=&#8221;default&#8221; height_tablet=&#8221;440px&#8221; height_phone=&#8221;440px&#8221; height_last_edited=&#8221;on|phone&#8221; global_colors_info=&#8221;{}&#8221;][et_pb_map_pin title=&#8221;CONSENSUS GmbH&#8221; pin_address=&#8221;K\u00f6nigstra\u00dfe 40, 70173 Stuttgart, Deutschland&#8221; pin_address_lat=&#8221;48.7772225&#8243; pin_address_lng=&#8221;9.1768258&#8243; _builder_version=&#8221;4.25.1&#8243; _module_preset=&#8221;default&#8221; global_colors_info=&#8221;{}&#8221;]<\/p>\n<p>K\u00f6nigstrasse 38<br \/>70173 Stuttgart<\/p>\n<p>[\/et_pb_map_pin][\/et_pb_map][\/et_pb_column][\/et_pb_row][\/et_pb_section][et_pb_section fb_built=&#8221;1&#8243; _builder_version=&#8221;4.27.2&#8243; _module_preset=&#8221;default&#8221; hover_enabled=&#8221;0&#8243; background_image_tablet=&#8221;https:\/\/consensus-solutions.org\/wp-content\/uploads\/2024\/05\/Hintergrund-Banner-Ueber-Uns.png&#8221; background_image_phone=&#8221;https:\/\/consensus-solutions.org\/wp-content\/uploads\/2024\/05\/Hintergrund-Banner-Ueber-Uns.png&#8221; background_enable_image_tablet=&#8221;on&#8221; background_enable_image_phone=&#8221;on&#8221; background_size_tablet=&#8221;cover&#8221; saved_tabs=&#8221;all&#8221; global_module=&#8221;10512&#8243; global_colors_info=&#8221;{%22gcid-f9e8c5cf-b3c5-4af9-95ff-6e3c109792ee%22:%91%22background_color%22%93}&#8221; background_color=&#8221;gcid-f9e8c5cf-b3c5-4af9-95ff-6e3c109792ee&#8221; background_last_edited=&#8221;on|phone&#8221; background_image=&#8221;https:\/\/consensus-solutions.org\/wp-content\/uploads\/2024\/05\/Hintergrund-Banner-Ueber-Uns.png&#8221; background_size=&#8221;contain&#8221; background_position=&#8221;center_left&#8221; background_blend=&#8221;soft-light&#8221; sticky_enabled=&#8221;0&#8243; locked=&#8221;off&#8221;][et_pb_row _builder_version=&#8221;4.27.0&#8243; _module_preset=&#8221;default&#8221; global_colors_info=&#8221;{}&#8221;][et_pb_column type=&#8221;4_4&#8243; _builder_version=&#8221;4.27.0&#8243; _module_preset=&#8221;default&#8221; global_colors_info=&#8221;{}&#8221;][et_pb_text _builder_version=&#8221;4.27.2&#8243; _module_preset=&#8221;80a29b40-b8bf-49ad-abed-45fb85884465&#8243; text_orientation=&#8221;center&#8221; background_layout=&#8221;dark&#8221; locked=&#8221;off&#8221; global_colors_info=&#8221;{}&#8221;]<\/p>\n<h2>Follow us on LinkedIn<\/h2>\n<p>[\/et_pb_text][et_pb_social_media_follow use_icon_font_size=&#8221;on&#8221; icon_font_size=&#8221;24px&#8221; _builder_version=&#8221;4.27.2&#8243; _module_preset=&#8221;default&#8221; text_orientation=&#8221;center&#8221; locked=&#8221;off&#8221; global_colors_info=&#8221;{}&#8221;][et_pb_social_media_follow_network social_network=&#8221;linkedin&#8221; url=&#8221;https:\/\/www.linkedin.com\/company\/consensusgroupstuttgart\/&#8221; _builder_version=&#8221;4.27.2&#8243; _module_preset=&#8221;default&#8221; background_color=&#8221;#007bb6&#8243; global_colors_info=&#8221;{}&#8221; follow_button=&#8221;off&#8221; url_new_window=&#8221;on&#8221;]linkedin[\/et_pb_social_media_follow_network][\/et_pb_social_media_follow][\/et_pb_column][\/et_pb_row][\/et_pb_section]<\/p>\n","protected":false},"excerpt":{"rendered":"<p>Contact usWie k\u00f6nnen wir Sie unterst\u00fctzen? Wir freuen uns, mit Ihnen ein unverbindliches Erstgespr\u00e4ch zu vereinbaren. Schreiben Sie uns einfach \u00fcber das Kontaktformular und finden Sie heraus, wie wir Ihre Organisation voranbringen k\u00f6nnen. Sie erreichen uns auch telefonisch w\u00e4hrend unserer Gesch\u00e4ftszeiten. solutions@consensus-group.com +49 (0) 711 &#8211; 645 619 433 K\u00f6nigstrasse 3870173 StuttgartFollow us on LinkedIn<\/p>\n","protected":false},"author":6,"featured_media":8405,"parent":0,"menu_order":0,"comment_status":"closed","ping_status":"closed","template":"","meta":{"_acf_changed":false,"_et_pb_use_builder":"on","_et_pb_old_content":"","_et_gb_content_width":"","content-type":"","footnotes":""},"class_list":["post-8995","page","type-page","status-publish","has-post-thumbnail","hentry"],"acf":[],"_links":{"self":[{"href":"https:\/\/consensus-solutions.org\/en\/wp-json\/wp\/v2\/pages\/8995","targetHints":{"allow":["GET"]}}],"collection":[{"href":"https:\/\/consensus-solutions.org\/en\/wp-json\/wp\/v2\/pages"}],"about":[{"href":"https:\/\/consensus-solutions.org\/en\/wp-json\/wp\/v2\/types\/page"}],"author":[{"embeddable":true,"href":"https:\/\/consensus-solutions.org\/en\/wp-json\/wp\/v2\/users\/6"}],"replies":[{"embeddable":true,"href":"https:\/\/consensus-solutions.org\/en\/wp-json\/wp\/v2\/comments?post=8995"}],"version-history":[{"count":2,"href":"https:\/\/consensus-solutions.org\/en\/wp-json\/wp\/v2\/pages\/8995\/revisions"}],"predecessor-version":[{"id":11097,"href":"https:\/\/consensus-solutions.org\/en\/wp-json\/wp\/v2\/pages\/8995\/revisions\/11097"}],"wp:featuredmedia":[{"embeddable":true,"href":"https:\/\/consensus-solutions.org\/en\/wp-json\/wp\/v2\/media\/8405"}],"wp:attachment":[{"href":"https:\/\/consensus-solutions.org\/en\/wp-json\/wp\/v2\/media?parent=8995"}],"curies":[{"name":"wp","href":"https:\/\/api.w.org\/{rel}","templated":true}]}}